{"id":77,"date":"2016-09-27T13:27:03","date_gmt":"2016-09-27T10:27:03","guid":{"rendered":"http:\/\/www.kardog.fi\/wp\/?page_id=77"},"modified":"2016-09-27T13:27:03","modified_gmt":"2016-09-27T10:27:03","slug":"jalleenmyyjat","status":"publish","type":"page","link":"https:\/\/kardog.fi\/en-1\/jalleenmyyjat\/","title":{"rendered":"J\u00e4lleenmyyj\u00e4t"},"content":{"rendered":"<p><span class=\"musta_otsikko14pxBold\">\u00c5terf\u00f6rs\u00e4ljare av Kardog v\u00e4star i Sverige<\/span><span class=\"teksti2\"><br \/>\nMerja Tolonen<br \/>\nPuh. 070- 210 12 16<br \/>\ntolonenmerja@hotmail.com<br \/>\n<\/span><\/p>\n<p><span class=\"musta_otsikko14pxBold\">AA &#8211; Production &amp; Marketing<\/span><span class=\"teksti2\"><br \/>\nmets\u00e4st\u00e4j\u00e4ntie 1,<br \/>\n28100 Pori<br \/>\nPuh. 02 637 5777<br \/>\nFax 02 637 5740<br \/>\nGSM 040 030 0290<br \/>\nTilaukset: myynti@aa-metsastys.com<br \/>\nTiedusteluille:info@aa-metsastys.com<br \/>\n<a class=\"oranssit_linkit\" href=\"http:\/\/www.aa-metsastys.com\/\" target=\"_blank\" rel=\"noopener noreferrer\">www.aa-metsastys.com<\/a><\/span><\/p>\n<p class=\"teksti2\"><span class=\"musta_otsikko14pxBold\">El\u00e4inpalvelu Aesa Bra<\/span><br \/>\nPetra H\u00e4rk\u00f6nen<br \/>\nKauppakatu 8<br \/>\n43100 SAARIJ\u00c4RVI<br \/>\nPuh. 040 743 8784<br \/>\nEmail: info@aesabra.com<br \/>\n<a class=\"oranssit_linkit\" href=\"http:\/\/www.aesabra.com\/\" target=\"_blank\" rel=\"noopener noreferrer\">www.aesabra.com<\/a><\/p>\n<p class=\"teksti2\"><span class=\"musta_otsikko14pxBold\">El\u00e4intarvike Muskettikoira<br \/>\n<\/span>Kallisenkuja 4<br \/>\n90400 Oulu<br \/>\nPuh 045 131 5167<br \/>\nEmail: limingantulli@kolmemuskettikoiraa.fi<\/p>\n<p class=\"teksti2\"><span class=\"musta_otsikko14pxBold\">El\u00e4intarvike Muskettikoira<br \/>\n<\/span>Haaransuontie 12<br \/>\n90400 Oulu<br \/>\nPuh 045 131 5177<br \/>\nEmail: maikkula@kolmemuskettikoiraa.fi<\/p>\n<p class=\"teksti2\"><span class=\"musta_otsikko14pxBold\">Er\u00e4kala Oy<\/span><br \/>\n<span class=\"perusteksti14px\"><span class=\"teksti\">Soutajantie 12<br \/>\n39500 Ikaalinen<br \/>\nPuh. 040 410 8890<br \/>\n<\/span><\/span><a href=\"http:\/\/erakala.fi\/\" target=\"_blank\" rel=\"noopener noreferrer\"><span class=\"oranssit_linkit\">www.erakala.fi<\/span><\/a><\/p>\n<p class=\"teksti2\"><span class=\"musta_otsikko14pxBold\">Forssan ase ja retkeily<\/span><br \/>\nOpintie 2<br \/>\n30100 Forssa<br \/>\npuh. 03 435 6557<br \/>\ngsm 040 050 4908<br \/>\n<a class=\"oranssit_linkit\" href=\"http:\/\/www.forssanasejaretkeily.fi\/\">www.forssanasejaretkeily.fi<\/a><\/p>\n<p class=\"teksti2\"><span class=\"musta_otsikko14pxBold\">Jarkko Aittola Ky<\/span><br \/>\nUkkolantie 1D<br \/>\n88600 Sotkamo<br \/>\npuh.040 045 9997<\/p>\n<p class=\"teksti2\"><span class=\"musta_otsikko14pxBold\">Kemi\u00f6n Mets\u00e4styspuoti<\/span><br \/>\nKapakkakuja 9<br \/>\n25700 Kemi\u00f6<br \/>\nPuh. 02 423 804<br \/>\n<a class=\"oranssit_linkit\" href=\"http:\/\/asejaera.fi\/\" target=\"_blank\" rel=\"noopener noreferrer\">www.asejaera.fi<\/a><\/p>\n<p class=\"teksti2\"><span class=\"musta_otsikko14pxBold\">Kurre Er\u00e4 ja Kalastus Oy<\/span><br \/>\nPitk\u00e4katu 44<br \/>\n65100 Vaasa<br \/>\npuh. 010 229 1999<br \/>\n<a class=\"oranssit_linkit\" href=\"http:\/\/kurre.fi\/\" target=\"_blank\" rel=\"noopener noreferrer\">www.kurre.fi<\/a><\/p>\n<p class=\"teksti2\"><span class=\"musta_otsikko14pxBold\">Lemmikkiel\u00e4inliike J\u00e4lki Oy<\/span><br \/>\nPohjolankatu 4-6 96100 Rovaniemi<br \/>\nPuh. 040 127 2423<br \/>\n<a class=\"oranssit_linkit\" href=\"http:\/\/kardog.fi\/jalki.net\" target=\"_blank\" rel=\"noopener noreferrer\">www.jalki.net<\/a><\/p>\n<p class=\"teksti2\"><span class=\"musta_otsikko14pxBold\">Maskun Er\u00e4 ja Koira<\/span><br \/>\nOhensaarentie 255,<br \/>\n21250 Masku<br \/>\nPuh. 040 822 4197<br \/>\n<a class=\"oranssit_linkit\" href=\"http:\/\/www.erakoira.fi\/\" target=\"_blank\" rel=\"noopener noreferrer\">www.erakoira.fi<\/a><\/p>\n<p class=\"teksti2\"><span class=\"musta_otsikko14pxBold\">Oy Er\u00e4kontti Ab<\/span><br \/>\nKinturinkuja 4,<br \/>\n11120 Riihim\u00e4ki<br \/>\nPuh. 010 440 9410<br \/>\nFax. 010 440 9411<br \/>\n<a class=\"oranssit_linkit\" href=\"http:\/\/www.erakontti.fi\/\" target=\"_blank\" rel=\"noopener noreferrer\">www.erakontti.fi<\/a><\/p>\n<p class=\"teksti2\"><span class=\"musta_otsikko14pxBold\">PetenKoiratarvike.com<\/span><br \/>\nRaudoittajantie 3<br \/>\n06450 PORVOO<br \/>\nPuh. 040 482 8802<br \/>\nemail: info(\u00e4t)petenkoiratarvike.com<br \/>\n<a class=\"oranssit_linkit\" href=\"http:\/\/petenkoiratarvike.com\/\" target=\"_blank\" rel=\"noopener noreferrer\">www.petenkoiratarvike.com<\/a><\/p>\n<p class=\"musta_otsikko14pxBold\">RXTX-Tuote<br \/>\n<span class=\"teksti2\">Kalevan puistotie 13<\/span><br \/>\n<span class=\"teksti2\">33500 Tampere<\/span><br \/>\n<span class=\"teksti2\">Puh. 03 255 3000 tai 03 356 8300<\/span><br \/>\n<a class=\"oranssit_linkit\" href=\"http:\/\/rxtx-tuote.fi\/\" target=\"_blank\" rel=\"noopener noreferrer\">www.RXTX-TUOTE.fi<\/a><\/p>\n<p><span class=\"teksti2\"><strong>Varuste.net <\/strong><br \/>\nRuosilankuja 3<br \/>\n00390 Helsinki<br \/>\nPuh. 09 454 0707<br \/>\nemail: info@varuste.net<br \/>\n<\/span><span class=\"teksti2\"><a href=\"http:\/\/www.varuste.net\/\"><strong>www.varuste.net<\/strong><\/a><strong><br \/>\n<\/strong><br \/>\n<\/span><span class=\"teksti2\">Valikoimissa: M\u00e4yr\u00e4koiran, Dreeverin, Beaglen, Saksanseisojan ja Ajokoiran GPS-huomioliivit.<\/span><\/p>\n<p class=\"otsikko1\"><strong>YHTEISTY\u00d6KUMPPANIT<\/strong><\/p>\n<p class=\"p1\" style=\"text-align: left\"><strong><span class=\"s1\">Tracker Oy<\/span><\/strong><br \/>\n<span class=\"s1\">Kauppiaantie 30<\/span><br \/>\n<span class=\"s1\">90340 OULUNSALO, FINLAND<\/span><br \/>\n<span class=\"s1\">Phone: +358 8 521 9000<\/span><br \/>\n<span class=\"s1\">Fax: +358 8\u00a0521 9100<\/span><\/p>\n<p class=\"p1\" style=\"text-align: left\">www.tracker.fi<\/p>\n<p style=\"text-align: left\"><strong>Team Karhukopla<\/strong><\/p>\n<p style=\"text-align: left\">https:\/\/www.facebook.com\/TKarhukopla\/<\/p>\n<p style=\"text-align: left\">https:\/\/www.instagram.com\/stories\/teamkarhukopla<\/p>\n<p><b>CME Solutions Oy<\/b><br \/>\nPioneerinkatu 14<br \/>\n70800 Kuopio<br \/>\nPuhelin +358 10 4214120<\/p>\n<p>Palaute: huntview@cmesolutions.fi<br \/>\nemail : etunimi.sukunimi@cmesolutions.fi<\/p>\n<h4><span class=\"teksti2\"><span class=\"musta_otsikko14pxBold\">Ultracom Oy<\/span><br \/>\nTakatie 6<br \/>\n90440 Kempele<br \/>\nEmail: myynti(\u00e4t)ultracom.fi<br \/>\n<a class=\"oranssit_linkit\" href=\"http:\/\/www.ultrapoint.fi\/\" target=\"_blank\" rel=\"noopener noreferrer\">www.ultracom.fi<\/a><\/span><\/h4>\n","protected":false},"excerpt":{"rendered":"<p>\u00c5terf\u00f6rs\u00e4ljare av Kardog v\u00e4star i Sverige Merja Tolonen Puh. 070- 210 12 16 tolonenmerja@hotmail.com AA &#8211; Production &amp; Marketing mets\u00e4st\u00e4j\u00e4ntie 1, 28100 Pori Puh. 02 637 5777 Fax 02 637 5740 GSM 040 030 0290 Tilaukset: myynti@aa-metsastys.com Tiedusteluille:info@aa-metsastys.com www.aa-metsastys.com El\u00e4inpalvelu Aesa Bra Petra H\u00e4rk\u00f6nen Kauppakatu 8 43100 SAARIJ\u00c4RVI Puh. 040 743 8784 Email: info@aesabra.com www.aesabra.com [&hellip;]<\/p>\n","protected":false},"author":1,"featured_media":0,"parent":0,"menu_order":0,"comment_status":"closed","ping_status":"closed","template":"template-full-width.php","meta":{"ngg_post_thumbnail":0,"footnotes":""},"class_list":["post-77","page","type-page","status-publish","hentry"],"_links":{"self":[{"href":"https:\/\/kardog.fi\/en-1\/wp-json\/wp\/v2\/pages\/77","targetHints":{"allow":["GET"]}}],"collection":[{"href":"https:\/\/kardog.fi\/en-1\/wp-json\/wp\/v2\/pages"}],"about":[{"href":"https:\/\/kardog.fi\/en-1\/wp-json\/wp\/v2\/types\/page"}],"author":[{"embeddable":true,"href":"https:\/\/kardog.fi\/en-1\/wp-json\/wp\/v2\/users\/1"}],"replies":[{"embeddable":true,"href":"https:\/\/kardog.fi\/en-1\/wp-json\/wp\/v2\/comments?post=77"}],"version-history":[{"count":0,"href":"https:\/\/kardog.fi\/en-1\/wp-json\/wp\/v2\/pages\/77\/revisions"}],"wp:attachment":[{"href":"https:\/\/kardog.fi\/en-1\/wp-json\/wp\/v2\/media?parent=77"}],"curies":[{"name":"wp","href":"https:\/\/api.w.org\/{rel}","templated":true}]}}