{"id":74,"date":"2016-09-27T13:26:00","date_gmt":"2016-09-27T10:26:00","guid":{"rendered":"http:\/\/www.kardog.fi\/wp\/?page_id=74"},"modified":"2019-09-03T13:08:43","modified_gmt":"2019-09-03T10:08:43","slug":"yhteystiedot","status":"publish","type":"page","link":"https:\/\/kardog.fi\/en-1\/yhteystiedot\/","title":{"rendered":"Contact Information"},"content":{"rendered":"<p>Anne Kartaslammi-Viitaniemi<br \/>\nJ\u00e4mij\u00e4rventie 17<br \/>\n38800 J\u00e4mij\u00e4rvi<br \/>\n+35840 546 7455<br \/>\nkardog@kardog.fi<br \/>\nOpen by appointment<\/p>\n","protected":false},"excerpt":{"rendered":"<p>Anne Kartaslammi-Viitaniemi J\u00e4mij\u00e4rventie 17 38800 J\u00e4mij\u00e4rvi +35840 546 7455 kardog@kardog.fi Open by appointment<\/p>\n","protected":false},"author":1,"featured_media":0,"parent":0,"menu_order":0,"comment_status":"closed","ping_status":"closed","template":"template-full-width.php","meta":{"ngg_post_thumbnail":0,"footnotes":""},"class_list":["post-74","page","type-page","status-publish","hentry"],"_links":{"self":[{"href":"https:\/\/kardog.fi\/en-1\/wp-json\/wp\/v2\/pages\/74","targetHints":{"allow":["GET"]}}],"collection":[{"href":"https:\/\/kardog.fi\/en-1\/wp-json\/wp\/v2\/pages"}],"about":[{"href":"https:\/\/kardog.fi\/en-1\/wp-json\/wp\/v2\/types\/page"}],"author":[{"embeddable":true,"href":"https:\/\/kardog.fi\/en-1\/wp-json\/wp\/v2\/users\/1"}],"replies":[{"embeddable":true,"href":"https:\/\/kardog.fi\/en-1\/wp-json\/wp\/v2\/comments?post=74"}],"version-history":[{"count":2,"href":"https:\/\/kardog.fi\/en-1\/wp-json\/wp\/v2\/pages\/74\/revisions"}],"predecessor-version":[{"id":4321,"href":"https:\/\/kardog.fi\/en-1\/wp-json\/wp\/v2\/pages\/74\/revisions\/4321"}],"wp:attachment":[{"href":"https:\/\/kardog.fi\/en-1\/wp-json\/wp\/v2\/media?parent=74"}],"curies":[{"name":"wp","href":"https:\/\/api.w.org\/{rel}","templated":true}]}}